{"id":28,"date":"2018-05-06T11:42:49","date_gmt":"2018-05-06T09:42:49","guid":{"rendered":"http:\/\/www.kleinwaltersdorfer-sv.de\/new\/?page_id=28"},"modified":"2025-01-27T12:47:32","modified_gmt":"2025-01-27T11:47:32","slug":"frauensport","status":"publish","type":"page","link":"https:\/\/kleinwaltersdorfer-sv.de\/index.php\/frauensport\/","title":{"rendered":"Sport- und Tanzgruppen"},"content":{"rendered":"<p style=\"font-weight: 400;\">trbhrtnrtIm B\u00fcrgerhaus haben mehrere Sportgruppen ihr Domizil gefunden:<\/p>\n<table>\n<tbody>\n<tr>\n<th style=\"width: 271.5px;\"><span style=\"font-family: verdana, geneva, sans-serif;\">Tag<\/span><\/th>\n<th style=\"width: 766.5px;\"><span style=\"font-family: verdana, geneva, sans-serif;\">Gruppe<\/span><\/th>\n<\/tr>\n<tr>\n<td style=\"width: 271.5px;\"><span style=\"font-family: verdana, geneva, sans-serif;\">Montag<\/span><\/td>\n<td style=\"width: 766.5px;\">Frauensportgruppe 1 (50er +)<br \/>\nFrauensportgruppe 2 (20er-30er)<br \/>\n17:00-18:00 Uhr Piloxing (Tanzsportverein Schwarz-Wei\u00df &#8211; extern)<\/td>\n<\/tr>\n<tr>\n<td style=\"width: 271.5px;\">Dienstag<\/td>\n<td style=\"width: 766.5px;\"><\/td>\n<\/tr>\n<tr>\n<td style=\"width: 271.5px;\"><span style=\"font-family: verdana, geneva, sans-serif;\">Mittwoch<\/span><\/td>\n<td style=\"width: 766.5px;\">Tanzgruppen (Shaking Boggies):<br \/>\n17:00-18:30 Uhr Kindertanzgruppe (8-14 Jahre)<br \/>\n18:30-21:00 Uhr ErwachsenentanzgruppeFrauensportgruppen:<br \/>\n18:30 Uhr Yoga (60iger)<br \/>\n19:30 Uhr Fitness-Gymnastik (60iger)<\/td>\n<\/tr>\n<tr>\n<td style=\"width: 271.5px;\">Donnerstag<\/td>\n<td style=\"width: 766.5px;\">Frauensportgruppe 5 (70er +)<br \/>\n16:30-17:30 Uhr Kindersport (im Winter)<\/td>\n<\/tr>\n<tr>\n<td style=\"width: 271.5px;\"><span style=\"font-family: verdana, geneva, sans-serif;\">Freitag<\/span><\/td>\n<td>Frauensportgruppe 2 (20-30iger)<\/td>\n<\/tr>\n<\/tbody>\n<\/table>\n<p>Im Erdgeschoss des B\u00fcrgerhauses wurde dazu der ehemalige Speisesaal zum Gymnastikraum umgebaut. Bei Interesse k\u00f6nnen Sie gerne zu den Trainingszeiten im B\u00fcrgerhaus erscheinen.<\/p>\n<p>Kontakt Frauensportgruppen:<br \/>\nKarin Uhlemann<br \/>\nTel.: 03731 \u2013 34313<\/p>\n<p>Kontakt Tanzgruppen:<br \/>\nKay B\u00fcttner <a href=\"https:\/\/www.the-shaking-boogies.de\/\">(Shaking-Boogies<\/a><a href=\"https:\/\/www.the-shaking-boogies.de\/\">)<\/a><\/p>\n<p>Kontakt Piloxing (Tanzsportverein Schwarz-Wei\u00df Freiberg e.V.):<br \/>\nAndrea Merkel-Kieschnik<\/p>\n<div id='gallery-1' class='gallery galleryid-28 gallery-columns-2 gallery-size-full'><figure class='gallery-item'>\n\t\t\t<div class='gallery-icon landscape'>\n\t\t\t\t<a href='https:\/\/kleinwaltersdorfer-sv.de\/wp-content\/uploads\/2025\/01\/image_021.jpg'><img loading=\"lazy\" decoding=\"async\" width=\"450\" height=\"300\" src=\"https:\/\/kleinwaltersdorfer-sv.de\/wp-content\/uploads\/2025\/01\/image_021.jpg\" class=\"attachment-full size-full\" alt=\"\" srcset=\"https:\/\/kleinwaltersdorfer-sv.de\/wp-content\/uploads\/2025\/01\/image_021.jpg 450w, https:\/\/kleinwaltersdorfer-sv.de\/wp-content\/uploads\/2025\/01\/image_021-300x200.jpg 300w\" sizes=\"(max-width: 450px) 100vw, 450px\" \/><\/a>\n\t\t\t<\/div><\/figure><figure class='gallery-item'>\n\t\t\t<div class='gallery-icon landscape'>\n\t\t\t\t<a href='https:\/\/kleinwaltersdorfer-sv.de\/wp-content\/uploads\/2025\/01\/image_012.jpg'><img loading=\"lazy\" decoding=\"async\" width=\"450\" height=\"444\" src=\"https:\/\/kleinwaltersdorfer-sv.de\/wp-content\/uploads\/2025\/01\/image_012.jpg\" class=\"attachment-full size-full\" alt=\"\" srcset=\"https:\/\/kleinwaltersdorfer-sv.de\/wp-content\/uploads\/2025\/01\/image_012.jpg 450w, https:\/\/kleinwaltersdorfer-sv.de\/wp-content\/uploads\/2025\/01\/image_012-300x296.jpg 300w\" sizes=\"(max-width: 450px) 100vw, 450px\" \/><\/a>\n\t\t\t<\/div><\/figure>\n\t\t<\/div>\n\n","protected":false},"excerpt":{"rendered":"<p>trbhrtnrtIm B\u00fcrgerhaus haben mehrere Sportgruppen ihr Domizil gefunden: Tag Gruppe Montag Frauensportgruppe 1 (50er +) Frauensportgruppe 2 (20er-30er) 17:00-18:00 Uhr&hellip;<\/p>\n","protected":false},"author":1,"featured_media":0,"parent":0,"menu_order":0,"comment_status":"closed","ping_status":"closed","template":"","meta":{"footnotes":""},"_links":{"self":[{"href":"https:\/\/kleinwaltersdorfer-sv.de\/index.php\/wp-json\/wp\/v2\/pages\/28"}],"collection":[{"href":"https:\/\/kleinwaltersdorfer-sv.de\/index.php\/wp-json\/wp\/v2\/pages"}],"about":[{"href":"https:\/\/kleinwaltersdorfer-sv.de\/index.php\/wp-json\/wp\/v2\/types\/page"}],"author":[{"embeddable":true,"href":"https:\/\/kleinwaltersdorfer-sv.de\/index.php\/wp-json\/wp\/v2\/users\/1"}],"replies":[{"embeddable":true,"href":"https:\/\/kleinwaltersdorfer-sv.de\/index.php\/wp-json\/wp\/v2\/comments?post=28"}],"version-history":[{"count":8,"href":"https:\/\/kleinwaltersdorfer-sv.de\/index.php\/wp-json\/wp\/v2\/pages\/28\/revisions"}],"predecessor-version":[{"id":207,"href":"https:\/\/kleinwaltersdorfer-sv.de\/index.php\/wp-json\/wp\/v2\/pages\/28\/revisions\/207"}],"wp:attachment":[{"href":"https:\/\/kleinwaltersdorfer-sv.de\/index.php\/wp-json\/wp\/v2\/media?parent=28"}],"curies":[{"name":"wp","href":"https:\/\/api.w.org\/{rel}","templated":true}]}}